{"id":174,"date":"2025-11-12T09:42:09","date_gmt":"2025-11-12T09:42:09","guid":{"rendered":"https:\/\/pamservice.fr\/?page_id=174"},"modified":"2025-11-12T09:42:09","modified_gmt":"2025-11-12T09:42:09","slug":"blog","status":"publish","type":"page","link":"https:\/\/pamservice.fr\/index.php\/blog\/","title":{"rendered":"Blog"},"content":{"rendered":"\t\t<div data-elementor-type=\"wp-page\" data-elementor-id=\"174\" class=\"elementor elementor-174\" data-elementor-post-type=\"page\">\n\t\t\t\t<div class=\"elementor-element elementor-element-ac7d0ec e-flex e-con-boxed e-con e-parent\" data-id=\"ac7d0ec\" data-element_type=\"container\">\n\t\t\t\t\t<div class=\"e-con-inner\">\n\t\t\t\t<div class=\"elementor-element elementor-element-0259d1c elementor-widget-divider--view-line elementor-widget elementor-widget-divider\" data-id=\"0259d1c\" data-element_type=\"widget\" data-widget_type=\"divider.default\">\n\t\t\t\t\t\t\t<div class=\"elementor-divider\">\n\t\t\t<span class=\"elementor-divider-separator\">\n\t\t\t\t\t\t<\/span>\n\t\t<\/div>\n\t\t\t\t\t\t<\/div>\n\t\t\t\t\t<\/div>\n\t\t\t\t<\/div>\n\t\t<div class=\"elementor-element elementor-element-d861b45 e-flex e-con-boxed e-con e-parent\" data-id=\"d861b45\" data-element_type=\"container\">\n\t\t\t\t\t<div class=\"e-con-inner\">\n\t\t\t\t<div class=\"elementor-element elementor-element-e8ce452 elementor-widget elementor-widget-shortcode\" data-id=\"e8ce452\" data-element_type=\"widget\" data-widget_type=\"shortcode.default\">\n\t\t\t\t\t\t\t<div class=\"elementor-shortcode\"><style type='text\/css' media='all'>#rt-tpg-container-1707278462 .rt-holder .rt-woo-info .price{color:#d7b16a;}body .rt-tpg-container .rt-tpg-isotope-buttons .selected,\n\t\t\t\t\t#rt-tpg-container-1707278462 .layout12 .rt-holder:hover .rt-detail,\n\t\t\t\t\t#rt-tpg-container-1707278462 .isotope8 .rt-holder:hover .rt-detail,\n\t\t\t\t\t#rt-tpg-container-1707278462 .carousel8 .rt-holder:hover .rt-detail,\n\t\t\t\t\t#rt-tpg-container-1707278462 .layout13 .rt-holder .overlay .post-info,\n\t\t\t\t\t#rt-tpg-container-1707278462 .isotope9 .rt-holder .overlay .post-info,\n\t\t\t\t\t#rt-tpg-container-1707278462.rt-tpg-container .layout4 .rt-holder .rt-detail,\n\t\t\t\t\t.rt-modal-1707278462 .md-content,\n\t\t\t\t\t.rt-modal-1707278462 .md-content > .rt-md-content-holder .rt-md-content,\n\t\t\t\t\t.rt-popup-wrap-1707278462.rt-popup-wrap .rt-popup-navigation-wrap,\n\t\t\t\t\t#rt-tpg-container-1707278462 .carousel9 .rt-holder .overlay .post-info{background-color:#d7b16a;}#rt-tpg-container-1707278462 .layout5 .rt-holder .overlay, #rt-tpg-container-1707278462 .isotope2 .rt-holder .overlay, #rt-tpg-container-1707278462 .carousel2 .rt-holder .overlay,#rt-tpg-container-1707278462 .layout15 .rt-holder h3, #rt-tpg-container-1707278462 .isotope11 .rt-holder h3, #rt-tpg-container-1707278462 .carousel11 .rt-holder h3, #rt-tpg-container-1707278462 .layout16 .rt-holder h3,\n\t\t\t\t\t#rt-tpg-container-1707278462 .isotope12 .rt-holder h3, #rt-tpg-container-1707278462 .carousel12 .rt-holder h3 {background-color:rgba(215,177,106,0.8);}#rt-tpg-container-1707278462 .read-more a{border-radius:px;}#rt-tpg-container-1707278462 .rt-img-holder img.rt-img-responsive,#rt-tpg-container-1707278462 .rt-img-holder,\n\t\t\t\t\t#rt-tpg-container-1707278462 .rt-post-overlay .post-img,\n\t\t\t\t\t#rt-tpg-container-1707278462 .post-sm .post-img,\n\t\t\t\t\t#rt-tpg-container-1707278462 .rt-post-grid .post-img,\n\t\t\t\t\t#rt-tpg-container-1707278462 .post-img img {border-radius:px;}#rt-tpg-container-1707278462 .layout1 .rt-holder h2.entry-title,\n\t\t\t\t\t#rt-tpg-container-1707278462 .layout1 .rt-holder h3.entry-title,\n\t\t\t\t\t#rt-tpg-container-1707278462 .layout1 .rt-holder h4.entry-title,\n\t\t\t\t\t#rt-tpg-container-1707278462 .layout1 .rt-holder h2.entry-title a,\n\t\t\t\t\t#rt-tpg-container-1707278462 .layout1 .rt-holder h3.entry-title a,\n\t\t\t\t\t#rt-tpg-container-1707278462 .layout1 .rt-holder h4.entry-title a,\n\t\t\t\t\t#rt-tpg-container-1707278462 .rt-holder .rt-woo-info h2 a,\n\t\t\t\t\t#rt-tpg-container-1707278462 .rt-holder .rt-woo-info h3 a,\n\t\t\t\t\t#rt-tpg-container-1707278462 .rt-holder .rt-woo-info h4 a,\n\t\t\t\t\t#rt-tpg-container-1707278462 .post-content .post-title,\n\t\t\t\t\t#rt-tpg-container-1707278462 .rt-post-grid .post-title,\n\t\t\t\t\t#rt-tpg-container-1707278462 .rt-post-grid .post-title a,\n\t\t\t\t\t#rt-tpg-container-1707278462 .post-content .post-title a,\n\t\t\t\t\t#rt-tpg-container-1707278462 .rt-holder .rt-woo-info h2,\n\t\t\t\t\t#rt-tpg-container-1707278462 .rt-holder .rt-woo-info h3,\n\t\t\t\t\t#rt-tpg-container-1707278462 .rt-holder .rt-woo-info h4{color:#d7b16a;}<\/style><div class='rt-container-fluid rt-tpg-container tpg-shortcode-main-wrapper ' id='rt-tpg-container-1707278462'   data-layout='layout1' data-grid-style='even' data-desktop-col='3'  data-tab-col='2'  data-mobile-col='1' data-sc-id='177'><div data-title='Loading ...' class='rt-row rt-content-loader   layout1 tpg-even '><div class=\"rt-col-md-4 rt-col-sm-6 rt-col-xs-12 even-grid-item rt-grid-item\" data-id=\"210\"><div class=\"rt-holder\"><div class=\"rt-img-holder\"><a data-id=\"210\" class=\"\" href=\"https:\/\/pamservice.fr\/index.php\/2026\/01\/28\/reamenagement-de-bureaux-travailler-mieux-sans-interrompre-lactivite\/\"><img fetchpriority=\"high\" decoding=\"async\" width=\"1536\" height=\"1024\" src=\"https:\/\/pamservice.fr\/wp-content\/uploads\/2026\/01\/ChatGPT-Image-28-janv.-2026-09_44_09.png\" class=\"rt-img-responsive \" alt=\"\" \/><\/a><\/div><div class='rt-detail'><h3 class=\"entry-title\"><a data-id=\"210\" class=\"\" href=\"https:\/\/pamservice.fr\/index.php\/2026\/01\/28\/reamenagement-de-bureaux-travailler-mieux-sans-interrompre-lactivite\/\">R\u00e9am\u00e9nagement de bureaux : travailler mieux sans interrompre l\u2019activit\u00e9<\/a><\/h3><div class='post-meta-user  '><span class='date'><i class='far fa-calendar-alt '><\/i>janvier 28, 2026<\/span><\/div><div class='tpg-excerpt'>R\u00e9organiser ses bureaux est souvent indispensable pour accompagner la croissance d\u2019une entreprise, am\u00e9liorer le confort...<\/div><div class='post-meta '><span class='read-more'><a data-id='210' class='' href='https:\/\/pamservice.fr\/index.php\/2026\/01\/28\/reamenagement-de-bureaux-travailler-mieux-sans-interrompre-lactivite\/'>Lire l'article<\/a><\/span><\/div><\/div><\/div><\/div><div class=\"rt-col-md-4 rt-col-sm-6 rt-col-xs-12 even-grid-item rt-grid-item\" data-id=\"227\"><div class=\"rt-holder\"><div class=\"rt-img-holder\"><a data-id=\"227\" class=\"\" href=\"https:\/\/pamservice.fr\/index.php\/2026\/03\/12\/pourquoi-le-printemps-est-la-meilleure-saison-pour-realiser-ses-travaux\/\"><img decoding=\"async\" width=\"1536\" height=\"1024\" src=\"https:\/\/pamservice.fr\/wp-content\/uploads\/2026\/03\/328934ef-dc66-4cc5-84af-fff40a48daa2.png\" class=\"rt-img-responsive \" alt=\"\" \/><\/a><\/div><div class='rt-detail'><h3 class=\"entry-title\"><a data-id=\"227\" class=\"\" href=\"https:\/\/pamservice.fr\/index.php\/2026\/03\/12\/pourquoi-le-printemps-est-la-meilleure-saison-pour-realiser-ses-travaux\/\">Pourquoi le printemps est la meilleure saison pour r\u00e9aliser ses travaux ?<\/a><\/h3><div class='post-meta-user  '><span class='date'><i class='far fa-calendar-alt '><\/i>mars 12, 2026<\/span><\/div><div class='tpg-excerpt'>Chaque ann\u00e9e, beaucoup de propri\u00e9taires se demandent quand faire des travaux de r\u00e9novation dans leur...<\/div><div class='post-meta '><span class='read-more'><a data-id='227' class='' href='https:\/\/pamservice.fr\/index.php\/2026\/03\/12\/pourquoi-le-printemps-est-la-meilleure-saison-pour-realiser-ses-travaux\/'>Lire l'article<\/a><\/span><\/div><\/div><\/div><\/div><div class=\"rt-col-md-4 rt-col-sm-6 rt-col-xs-12 even-grid-item rt-grid-item\" data-id=\"191\"><div class=\"rt-holder\"><div class=\"rt-img-holder\"><a data-id=\"191\" class=\"\" href=\"https:\/\/pamservice.fr\/index.php\/2025\/11\/12\/pourquoi-faire-appel-a-un-artisan-polyvalent-pour-vos-travaux-a-rennes\/\"><img decoding=\"async\" width=\"1500\" height=\"1000\" src=\"https:\/\/pamservice.fr\/wp-content\/uploads\/2025\/09\/2148393089.jpg\" class=\"rt-img-responsive \" alt=\"\" \/><\/a><\/div><div class='rt-detail'><h3 class=\"entry-title\"><a data-id=\"191\" class=\"\" href=\"https:\/\/pamservice.fr\/index.php\/2025\/11\/12\/pourquoi-faire-appel-a-un-artisan-polyvalent-pour-vos-travaux-a-rennes\/\">Pourquoi faire appel \u00e0 un artisan polyvalent pour vos travaux \u00e0 Rennes ?<\/a><\/h3><div class='post-meta-user  '><span class='date'><i class='far fa-calendar-alt '><\/i>novembre 12, 2025<\/span><\/div><div class='tpg-excerpt'>\u00c0 Rennes, les projets de r\u00e9novation ou d\u2019am\u00e9nagement int\u00e9rieur peuvent rapidement tourner au casse-t\u00eate :...<\/div><div class='post-meta '><span class='read-more'><a data-id='191' class='' href='https:\/\/pamservice.fr\/index.php\/2025\/11\/12\/pourquoi-faire-appel-a-un-artisan-polyvalent-pour-vos-travaux-a-rennes\/'>Lire l'article<\/a><\/span><\/div><\/div><\/div><\/div><div class=\"rt-col-md-4 rt-col-sm-6 rt-col-xs-12 even-grid-item rt-grid-item\" data-id=\"218\"><div class=\"rt-holder\"><div class=\"rt-img-holder\"><a data-id=\"218\" class=\"\" href=\"https:\/\/pamservice.fr\/index.php\/2026\/02\/20\/peinture-interieure-les-couleurs-qui-valorisent-votre-bien-a-rennes-en-2026\/\"><img loading=\"lazy\" decoding=\"async\" width=\"1536\" height=\"1024\" src=\"https:\/\/pamservice.fr\/wp-content\/uploads\/2026\/02\/ecb1c01f-137e-4b69-8a61-e1c24339d1d2.png\" class=\"rt-img-responsive \" alt=\"PAM services\" \/><\/a><\/div><div class='rt-detail'><h3 class=\"entry-title\"><a data-id=\"218\" class=\"\" href=\"https:\/\/pamservice.fr\/index.php\/2026\/02\/20\/peinture-interieure-les-couleurs-qui-valorisent-votre-bien-a-rennes-en-2026\/\">Peinture int\u00e9rieure : les couleurs qui valorisent votre bien \u00e0 Rennes en 2026<\/a><\/h3><div class='post-meta-user  '><span class='date'><i class='far fa-calendar-alt '><\/i>f\u00e9vrier 20, 2026<\/span><\/div><div class='tpg-excerpt'>\u00c0 Rennes, le march\u00e9 immobilier reste dynamique. Pourtant, entre deux biens similaires, celui qui d\u00e9clenche...<\/div><div class='post-meta '><span class='read-more'><a data-id='218' class='' href='https:\/\/pamservice.fr\/index.php\/2026\/02\/20\/peinture-interieure-les-couleurs-qui-valorisent-votre-bien-a-rennes-en-2026\/'>Lire l'article<\/a><\/span><\/div><\/div><\/div><\/div><div class=\"rt-col-md-4 rt-col-sm-6 rt-col-xs-12 even-grid-item rt-grid-item\" data-id=\"202\"><div class=\"rt-holder\"><div class=\"rt-img-holder\"><a data-id=\"202\" class=\"\" href=\"https:\/\/pamservice.fr\/index.php\/2025\/12\/18\/hiver-securiser-vos-batiments-face-aux-pannes-et-incidents-techniques\/\"><img loading=\"lazy\" decoding=\"async\" width=\"1536\" height=\"1024\" src=\"https:\/\/pamservice.fr\/wp-content\/uploads\/2025\/12\/cd4bfa2b-c0a5-43ab-977b-83d1c2685f5c.png\" class=\"rt-img-responsive \" alt=\"\" \/><\/a><\/div><div class='rt-detail'><h3 class=\"entry-title\"><a data-id=\"202\" class=\"\" href=\"https:\/\/pamservice.fr\/index.php\/2025\/12\/18\/hiver-securiser-vos-batiments-face-aux-pannes-et-incidents-techniques\/\">Hiver : s\u00e9curiser vos b\u00e2timents face aux pannes et incidents techniques<\/a><\/h3><div class='post-meta-user  '><span class='date'><i class='far fa-calendar-alt '><\/i>d\u00e9cembre 18, 2025<\/span><\/div><div class='tpg-excerpt'>Quand les temp\u00e9ratures chutent, les b\u00e2timents professionnels, publics et collectifs entrent dans une zone de...<\/div><div class='post-meta '><span class='read-more'><a data-id='202' class='' href='https:\/\/pamservice.fr\/index.php\/2025\/12\/18\/hiver-securiser-vos-batiments-face-aux-pannes-et-incidents-techniques\/'>Lire l'article<\/a><\/span><\/div><\/div><\/div><\/div><\/div><\/div><\/div>\n\t\t\t\t\t\t<\/div>\n\t\t\t\t\t<\/div>\n\t\t\t\t<\/div>\n\t\t\t\t<\/div>\n\t\t","protected":false},"excerpt":{"rendered":"","protected":false},"author":1,"featured_media":0,"parent":0,"menu_order":0,"comment_status":"closed","ping_status":"closed","template":"","meta":{"site-sidebar-layout":"no-sidebar","site-content-layout":"","ast-site-content-layout":"full-width-container","site-content-style":"default","site-sidebar-style":"default","ast-global-header-display":"","ast-banner-title-visibility":"","ast-main-header-display":"","ast-hfb-above-header-display":"","ast-hfb-below-header-display":"","ast-hfb-mobile-header-display":"","site-post-title":"disabled","ast-breadcrumbs-content":"","ast-featured-img":"disabled","footer-sml-layout":"","theme-transparent-header-meta":"","adv-header-id-meta":"","stick-header-meta":"","header-above-stick-meta":"","header-main-stick-meta":"","header-below-stick-meta":"","astra-migrate-meta-layouts":"default","ast-page-background-enabled":"default","ast-page-background-meta":{"desktop":{"background-color":"var(--ast-global-color-5)","background-image":"","background-repeat":"repeat","background-position":"center center","background-size":"auto","background-attachment":"scroll","background-type":"","background-media":"","overlay-type":"","overlay-color":"","overlay-opacity":"","overlay-gradient":""},"tablet":{"background-color":"","background-image":"","background-repeat":"repeat","background-position":"center center","background-size":"auto","background-attachment":"scroll","background-type":"","background-media":"","overlay-type":"","overlay-color":"","overlay-opacity":"","overlay-gradient":""},"mobile":{"background-color":"","background-image":"","background-repeat":"repeat","background-position":"center center","background-size":"auto","background-attachment":"scroll","background-type":"","background-media":"","overlay-type":"","overlay-color":"","overlay-opacity":"","overlay-gradient":""}},"ast-content-background-meta":{"desktop":{"background-color":"var(--ast-global-color-4)","background-image":"","background-repeat":"repeat","background-position":"center center","background-size":"auto","background-attachment":"scroll","background-type":"","background-media":"","overlay-type":"","overlay-color":"","overlay-opacity":"","overlay-gradient":""},"tablet":{"background-color":"var(--ast-global-color-4)","background-image":"","background-repeat":"repeat","background-position":"center center","background-size":"auto","background-attachment":"scroll","background-type":"","background-media":"","overlay-type":"","overlay-color":"","overlay-opacity":"","overlay-gradient":""},"mobile":{"background-color":"var(--ast-global-color-4)","background-image":"","background-repeat":"repeat","background-position":"center center","background-size":"auto","background-attachment":"scroll","background-type":"","background-media":"","overlay-type":"","overlay-color":"","overlay-opacity":"","overlay-gradient":""}},"footnotes":""},"class_list":["post-174","page","type-page","status-publish","hentry"],"rttpg_featured_image_url":null,"rttpg_author":{"display_name":"admin1527","author_link":"https:\/\/pamservice.fr\/index.php\/author\/admin1527\/"},"rttpg_comment":0,"rttpg_category":"","rttpg_excerpt":null,"_links":{"self":[{"href":"https:\/\/pamservice.fr\/index.php\/wp-json\/wp\/v2\/pages\/174","targetHints":{"allow":["GET"]}}],"collection":[{"href":"https:\/\/pamservice.fr\/index.php\/wp-json\/wp\/v2\/pages"}],"about":[{"href":"https:\/\/pamservice.fr\/index.php\/wp-json\/wp\/v2\/types\/page"}],"author":[{"embeddable":true,"href":"https:\/\/pamservice.fr\/index.php\/wp-json\/wp\/v2\/users\/1"}],"replies":[{"embeddable":true,"href":"https:\/\/pamservice.fr\/index.php\/wp-json\/wp\/v2\/comments?post=174"}],"version-history":[{"count":9,"href":"https:\/\/pamservice.fr\/index.php\/wp-json\/wp\/v2\/pages\/174\/revisions"}],"predecessor-version":[{"id":199,"href":"https:\/\/pamservice.fr\/index.php\/wp-json\/wp\/v2\/pages\/174\/revisions\/199"}],"wp:attachment":[{"href":"https:\/\/pamservice.fr\/index.php\/wp-json\/wp\/v2\/media?parent=174"}],"curies":[{"name":"wp","href":"https:\/\/api.w.org\/{rel}","templated":true}]}}